{"id":2808,"date":"2025-12-16T12:27:10","date_gmt":"2025-12-16T10:27:10","guid":{"rendered":"https:\/\/pood.saundland.ee\/?post_type=product&#038;p=2808"},"modified":"2025-12-30T19:44:59","modified_gmt":"2025-12-30T17:44:59","slug":"triinu-joulud-2025-video","status":"publish","type":"product","link":"https:\/\/pood.saundland.ee\/?product=triinu-joulud-2025-video","title":{"rendered":"Triinu j\u00f5ulud 2025 VIDEO"},"content":{"rendered":"<p>Valige men\u00fc\u00fcst r\u00fchm mille videot soovite osta.<\/p>\n<p>Peale maksmist suunatakse teid automaatselt toote allalaadimise lehele, lisaks saadetakse teile emailile link.<\/p>\n<p>Videod on virtuaalsed ja allalaetaval kujul.<\/p>\n<p>Laadimiseks on vajalik stabiilne andmeside, laadida saab \u00fcks kord ja laadimislink aegub 1 p\u00e4eva m\u00f6\u00f6dudes. T\u00f5rgete tekkimisel palume saata e kiri video@saundland.ee.<\/p>\n","protected":false},"excerpt":{"rendered":"<p>Valige men\u00fc\u00fcst r\u00fchm mille videot soovite osta. Peale maksmist suunatakse teid automaatselt toote allalaadimise lehele, lisaks saadetakse teile emailile link. Videod on virtuaalsed ja allalaetaval kujul. Laadimiseks on vajalik stabiilne andmeside, laadida saab \u00fcks kord ja laadimislink aegub 1 p\u00e4eva m\u00f6\u00f6dudes. T\u00f5rgete tekkimisel palume saata e kiri video@saundland.ee.<\/p>\n","protected":false},"featured_media":2822,"template":"","meta":[],"product_brand":[],"product_cat":[15],"product_tag":[],"class_list":{"0":"post-2808","1":"product","2":"type-product","3":"status-publish","4":"has-post-thumbnail","6":"product_cat-video","8":"first","9":"instock","10":"taxable","11":"shipping-taxable","12":"purchasable","13":"product-type-variable"},"_links":{"self":[{"href":"https:\/\/pood.saundland.ee\/index.php?rest_route=\/wp\/v2\/product\/2808","targetHints":{"allow":["GET"]}}],"collection":[{"href":"https:\/\/pood.saundland.ee\/index.php?rest_route=\/wp\/v2\/product"}],"about":[{"href":"https:\/\/pood.saundland.ee\/index.php?rest_route=\/wp\/v2\/types\/product"}],"wp:featuredmedia":[{"embeddable":true,"href":"https:\/\/pood.saundland.ee\/index.php?rest_route=\/wp\/v2\/media\/2822"}],"wp:attachment":[{"href":"https:\/\/pood.saundland.ee\/index.php?rest_route=%2Fwp%2Fv2%2Fmedia&parent=2808"}],"wp:term":[{"taxonomy":"product_brand","embeddable":true,"href":"https:\/\/pood.saundland.ee\/index.php?rest_route=%2Fwp%2Fv2%2Fproduct_brand&post=2808"},{"taxonomy":"product_cat","embeddable":true,"href":"https:\/\/pood.saundland.ee\/index.php?rest_route=%2Fwp%2Fv2%2Fproduct_cat&post=2808"},{"taxonomy":"product_tag","embeddable":true,"href":"https:\/\/pood.saundland.ee\/index.php?rest_route=%2Fwp%2Fv2%2Fproduct_tag&post=2808"}],"curies":[{"name":"wp","href":"https:\/\/api.w.org\/{rel}","templated":true}]}}