{"id":2733,"date":"2025-06-10T11:23:14","date_gmt":"2025-06-10T08:23:14","guid":{"rendered":"https:\/\/pood.saundland.ee\/?post_type=product&#038;p=2733"},"modified":"2025-06-10T11:23:14","modified_gmt":"2025-06-10T08:23:14","slug":"lasteaedade-kevadpeod-2025","status":"publish","type":"product","link":"https:\/\/pood.saundland.ee\/?product=lasteaedade-kevadpeod-2025","title":{"rendered":"Lasteaedade kevadpeod 2025"},"content":{"rendered":"<p>Valige men\u00fc\u00fcst lasteaed ja r\u00fchm mille videot ja fotosid soovite osta.<\/p>\n<p>Peale maksmist suunatakse teid automaatselt toote allalaadimise lehele, lisaks saadetakse teile emailile link.<\/p>\n<p><strong>Video ja fotod on virtuaalsed ja allalaetaval kujul.\u00a0<\/strong><\/p>\n<p>Laadimiseks on vajalik stabiilne andmeside, laadida saab \u00fcks kord ja laadimislink aegub 1 p\u00e4eva m\u00f6\u00f6dudes. T\u00f5rgete tekkimisel palume saata e kiri video@saundland.ee.<\/p>\n","protected":false},"excerpt":{"rendered":"<p>Valige men\u00fc\u00fcst lasteaed ja r\u00fchm mille videot ja fotosid soovite osta. Peale maksmist suunatakse teid automaatselt toote allalaadimise lehele, lisaks saadetakse teile emailile link. Video ja fotod on virtuaalsed ja allalaetaval kujul.\u00a0 Laadimiseks on vajalik stabiilne andmeside, laadida saab \u00fcks kord ja laadimislink aegub 1 p\u00e4eva m\u00f6\u00f6dudes. T\u00f5rgete tekkimisel palume saata e kiri video@saundland.ee.<\/p>\n","protected":false},"featured_media":2734,"template":"","meta":[],"product_brand":[],"product_cat":[15],"product_tag":[],"class_list":{"0":"post-2733","1":"product","2":"type-product","3":"status-publish","4":"has-post-thumbnail","6":"product_cat-video","8":"first","9":"instock","10":"taxable","11":"shipping-taxable","12":"purchasable","13":"product-type-variable"},"_links":{"self":[{"href":"https:\/\/pood.saundland.ee\/index.php?rest_route=\/wp\/v2\/product\/2733","targetHints":{"allow":["GET"]}}],"collection":[{"href":"https:\/\/pood.saundland.ee\/index.php?rest_route=\/wp\/v2\/product"}],"about":[{"href":"https:\/\/pood.saundland.ee\/index.php?rest_route=\/wp\/v2\/types\/product"}],"wp:featuredmedia":[{"embeddable":true,"href":"https:\/\/pood.saundland.ee\/index.php?rest_route=\/wp\/v2\/media\/2734"}],"wp:attachment":[{"href":"https:\/\/pood.saundland.ee\/index.php?rest_route=%2Fwp%2Fv2%2Fmedia&parent=2733"}],"wp:term":[{"taxonomy":"product_brand","embeddable":true,"href":"https:\/\/pood.saundland.ee\/index.php?rest_route=%2Fwp%2Fv2%2Fproduct_brand&post=2733"},{"taxonomy":"product_cat","embeddable":true,"href":"https:\/\/pood.saundland.ee\/index.php?rest_route=%2Fwp%2Fv2%2Fproduct_cat&post=2733"},{"taxonomy":"product_tag","embeddable":true,"href":"https:\/\/pood.saundland.ee\/index.php?rest_route=%2Fwp%2Fv2%2Fproduct_tag&post=2733"}],"curies":[{"name":"wp","href":"https:\/\/api.w.org\/{rel}","templated":true}]}}