{"id":2587,"date":"2024-09-03T21:37:45","date_gmt":"2024-09-03T18:37:45","guid":{"rendered":"https:\/\/pood.saundland.ee\/?post_type=product&#038;p=2587"},"modified":"2025-03-12T12:47:56","modified_gmt":"2025-03-12T10:47:56","slug":"tantsuansambel-soleke-emadepaevakontsert-eluvolu","status":"publish","type":"product","link":"https:\/\/pood.saundland.ee\/?product=tantsuansambel-soleke-emadepaevakontsert-eluvolu","title":{"rendered":"Tantsuansambel S\u00f5leke emadep\u00e4evakontsert \u201eEluv\u00f5lu\u201c"},"content":{"rendered":"<p>Toode on virtuaalne ja allalaaditav.<\/p>\n<p>Laadimiseks on vajalik stabiilne andmeside, laadida saab \u00fcks kord ja laadimislink aegub 1 p\u00e4eva m\u00f6\u00f6dudes. T\u00f5rgete tekkimisel palume saata e kiri video@saundland.ee.<\/p>\n","protected":false},"excerpt":{"rendered":"<p>Toode on virtuaalne ja allalaaditav. Laadimiseks on vajalik stabiilne andmeside, laadida saab \u00fcks kord ja laadimislink aegub 1 p\u00e4eva m\u00f6\u00f6dudes. T\u00f5rgete tekkimisel palume saata e kiri video@saundland.ee.<\/p>\n","protected":false},"featured_media":2589,"template":"","meta":[],"product_brand":[],"product_cat":[15],"product_tag":[],"class_list":{"0":"post-2587","1":"product","2":"type-product","3":"status-publish","4":"has-post-thumbnail","6":"product_cat-video","8":"first","9":"instock","10":"downloadable","11":"virtual","12":"taxable","13":"purchasable","14":"product-type-simple"},"_links":{"self":[{"href":"https:\/\/pood.saundland.ee\/index.php?rest_route=\/wp\/v2\/product\/2587","targetHints":{"allow":["GET"]}}],"collection":[{"href":"https:\/\/pood.saundland.ee\/index.php?rest_route=\/wp\/v2\/product"}],"about":[{"href":"https:\/\/pood.saundland.ee\/index.php?rest_route=\/wp\/v2\/types\/product"}],"wp:featuredmedia":[{"embeddable":true,"href":"https:\/\/pood.saundland.ee\/index.php?rest_route=\/wp\/v2\/media\/2589"}],"wp:attachment":[{"href":"https:\/\/pood.saundland.ee\/index.php?rest_route=%2Fwp%2Fv2%2Fmedia&parent=2587"}],"wp:term":[{"taxonomy":"product_brand","embeddable":true,"href":"https:\/\/pood.saundland.ee\/index.php?rest_route=%2Fwp%2Fv2%2Fproduct_brand&post=2587"},{"taxonomy":"product_cat","embeddable":true,"href":"https:\/\/pood.saundland.ee\/index.php?rest_route=%2Fwp%2Fv2%2Fproduct_cat&post=2587"},{"taxonomy":"product_tag","embeddable":true,"href":"https:\/\/pood.saundland.ee\/index.php?rest_route=%2Fwp%2Fv2%2Fproduct_tag&post=2587"}],"curies":[{"name":"wp","href":"https:\/\/api.w.org\/{rel}","templated":true}]}}