{"id":2555,"date":"2024-06-16T09:54:31","date_gmt":"2024-06-16T06:54:31","guid":{"rendered":"https:\/\/pood.saundland.ee\/?post_type=product&#038;p=2555"},"modified":"2025-01-03T19:28:05","modified_gmt":"2025-01-03T17:28:05","slug":"rakvere-lasteaedade-laulu-ja-tantsupidu-2024","status":"publish","type":"product","link":"https:\/\/pood.saundland.ee\/?product=rakvere-lasteaedade-laulu-ja-tantsupidu-2024","title":{"rendered":"Rakvere lasteaedade laulu- ja tantsupidu 2024"},"content":{"rendered":"<p>Toode on virtuaalne ja allalaaditav.<\/p>\n<p>Laadimiseks on vajalik stabiilne andmeside, laadida saab \u00fcks kord ja laadimislink aegub 1 p\u00e4eva m\u00f6\u00f6dudes. T\u00f5rgete tekkimisel palume saata e kiri video@saundland.ee.<\/p>\n","protected":false},"excerpt":{"rendered":"<p>Toode on virtuaalne ja allalaaditav. Laadimiseks on vajalik stabiilne andmeside, laadida saab \u00fcks kord ja laadimislink aegub 1 p\u00e4eva m\u00f6\u00f6dudes. T\u00f5rgete tekkimisel palume saata e kiri video@saundland.ee.<\/p>\n","protected":false},"featured_media":2557,"template":"","meta":[],"product_brand":[],"product_cat":[15],"product_tag":[],"class_list":{"0":"post-2555","1":"product","2":"type-product","3":"status-publish","4":"has-post-thumbnail","6":"product_cat-video","8":"first","9":"instock","10":"downloadable","11":"virtual","12":"taxable","13":"purchasable","14":"product-type-simple"},"_links":{"self":[{"href":"https:\/\/pood.saundland.ee\/index.php?rest_route=\/wp\/v2\/product\/2555","targetHints":{"allow":["GET"]}}],"collection":[{"href":"https:\/\/pood.saundland.ee\/index.php?rest_route=\/wp\/v2\/product"}],"about":[{"href":"https:\/\/pood.saundland.ee\/index.php?rest_route=\/wp\/v2\/types\/product"}],"wp:featuredmedia":[{"embeddable":true,"href":"https:\/\/pood.saundland.ee\/index.php?rest_route=\/wp\/v2\/media\/2557"}],"wp:attachment":[{"href":"https:\/\/pood.saundland.ee\/index.php?rest_route=%2Fwp%2Fv2%2Fmedia&parent=2555"}],"wp:term":[{"taxonomy":"product_brand","embeddable":true,"href":"https:\/\/pood.saundland.ee\/index.php?rest_route=%2Fwp%2Fv2%2Fproduct_brand&post=2555"},{"taxonomy":"product_cat","embeddable":true,"href":"https:\/\/pood.saundland.ee\/index.php?rest_route=%2Fwp%2Fv2%2Fproduct_cat&post=2555"},{"taxonomy":"product_tag","embeddable":true,"href":"https:\/\/pood.saundland.ee\/index.php?rest_route=%2Fwp%2Fv2%2Fproduct_tag&post=2555"}],"curies":[{"name":"wp","href":"https:\/\/api.w.org\/{rel}","templated":true}]}}