{"id":2349,"date":"2023-06-12T23:39:59","date_gmt":"2023-06-12T20:39:59","guid":{"rendered":"https:\/\/pood.saundland.ee\/?post_type=product&#038;p=2349"},"modified":"2024-03-04T11:52:37","modified_gmt":"2024-03-04T09:52:37","slug":"rakvere-muusikakooli-lopuaktus-2023-fotod","status":"publish","type":"product","link":"https:\/\/pood.saundland.ee\/?product=rakvere-muusikakooli-lopuaktus-2023-fotod","title":{"rendered":"Rakvere muusikakooli l\u00f5puaktus 2023 fotod"},"content":{"rendered":"<p>Fotod on .zip faili kujul allalaetavad.<\/p>\n<p>Peale maksmist suunatakse teid automaatselt allalaadimise lehele, lisaks saadetakse teile emailile arve allalaadimise lingiga. Link kehtib 2 \u00f6\u00f6p\u00e4eva.<\/p>\n","protected":false},"excerpt":{"rendered":"<p>Fotod on .zip faili kujul allalaetavad. Peale maksmist suunatakse teid automaatselt allalaadimise lehele, lisaks saadetakse teile emailile arve allalaadimise lingiga. Link kehtib 2 \u00f6\u00f6p\u00e4eva.<\/p>\n","protected":false},"featured_media":2352,"template":"","meta":[],"product_brand":[],"product_cat":[15],"product_tag":[],"class_list":{"0":"post-2349","1":"product","2":"type-product","3":"status-publish","4":"has-post-thumbnail","6":"product_cat-video","8":"first","9":"instock","10":"downloadable","11":"virtual","12":"taxable","13":"purchasable","14":"product-type-simple"},"_links":{"self":[{"href":"https:\/\/pood.saundland.ee\/index.php?rest_route=\/wp\/v2\/product\/2349","targetHints":{"allow":["GET"]}}],"collection":[{"href":"https:\/\/pood.saundland.ee\/index.php?rest_route=\/wp\/v2\/product"}],"about":[{"href":"https:\/\/pood.saundland.ee\/index.php?rest_route=\/wp\/v2\/types\/product"}],"wp:featuredmedia":[{"embeddable":true,"href":"https:\/\/pood.saundland.ee\/index.php?rest_route=\/wp\/v2\/media\/2352"}],"wp:attachment":[{"href":"https:\/\/pood.saundland.ee\/index.php?rest_route=%2Fwp%2Fv2%2Fmedia&parent=2349"}],"wp:term":[{"taxonomy":"product_brand","embeddable":true,"href":"https:\/\/pood.saundland.ee\/index.php?rest_route=%2Fwp%2Fv2%2Fproduct_brand&post=2349"},{"taxonomy":"product_cat","embeddable":true,"href":"https:\/\/pood.saundland.ee\/index.php?rest_route=%2Fwp%2Fv2%2Fproduct_cat&post=2349"},{"taxonomy":"product_tag","embeddable":true,"href":"https:\/\/pood.saundland.ee\/index.php?rest_route=%2Fwp%2Fv2%2Fproduct_tag&post=2349"}],"curies":[{"name":"wp","href":"https:\/\/api.w.org\/{rel}","templated":true}]}}