{"id":2326,"date":"2023-06-05T22:28:41","date_gmt":"2023-06-05T19:28:41","guid":{"rendered":"https:\/\/pood.saundland.ee\/?post_type=product&#038;p=2326"},"modified":"2024-03-04T11:53:23","modified_gmt":"2024-03-04T09:53:23","slug":"triinu-lasteaia-kevadpidu-2023-videopildid-kopeeri","status":"publish","type":"product","link":"https:\/\/pood.saundland.ee\/?product=triinu-lasteaia-kevadpidu-2023-videopildid-kopeeri","title":{"rendered":"Triinu Lasteaia kevadpidu 2023 video+pildid"},"content":{"rendered":"<p>Video ja fotod on faili kujul allalaetavad.<\/p>\n<p>Peale maksmist suunatakse teid automaatselt allalaadimise lehele, lisaks saadetakse teile emailile arve allalaadimise lingiga. Link kehtib 2 \u00f6\u00f6p\u00e4eva.<\/p>\n","protected":false},"excerpt":{"rendered":"<p>Video ja fotod on faili kujul allalaetavad. Peale maksmist suunatakse teid automaatselt allalaadimise lehele, lisaks saadetakse teile emailile arve allalaadimise lingiga. Link kehtib 2 \u00f6\u00f6p\u00e4eva.<\/p>\n","protected":false},"featured_media":2158,"template":"","meta":[],"product_brand":[],"product_cat":[15],"product_tag":[],"class_list":{"0":"post-2326","1":"product","2":"type-product","3":"status-publish","4":"has-post-thumbnail","6":"product_cat-video","8":"first","9":"instock","10":"taxable","11":"shipping-taxable","12":"purchasable","13":"product-type-variable"},"_links":{"self":[{"href":"https:\/\/pood.saundland.ee\/index.php?rest_route=\/wp\/v2\/product\/2326","targetHints":{"allow":["GET"]}}],"collection":[{"href":"https:\/\/pood.saundland.ee\/index.php?rest_route=\/wp\/v2\/product"}],"about":[{"href":"https:\/\/pood.saundland.ee\/index.php?rest_route=\/wp\/v2\/types\/product"}],"wp:featuredmedia":[{"embeddable":true,"href":"https:\/\/pood.saundland.ee\/index.php?rest_route=\/wp\/v2\/media\/2158"}],"wp:attachment":[{"href":"https:\/\/pood.saundland.ee\/index.php?rest_route=%2Fwp%2Fv2%2Fmedia&parent=2326"}],"wp:term":[{"taxonomy":"product_brand","embeddable":true,"href":"https:\/\/pood.saundland.ee\/index.php?rest_route=%2Fwp%2Fv2%2Fproduct_brand&post=2326"},{"taxonomy":"product_cat","embeddable":true,"href":"https:\/\/pood.saundland.ee\/index.php?rest_route=%2Fwp%2Fv2%2Fproduct_cat&post=2326"},{"taxonomy":"product_tag","embeddable":true,"href":"https:\/\/pood.saundland.ee\/index.php?rest_route=%2Fwp%2Fv2%2Fproduct_tag&post=2326"}],"curies":[{"name":"wp","href":"https:\/\/api.w.org\/{rel}","templated":true}]}}